{"id":3725,"date":"2019-02-18T11:01:04","date_gmt":"2019-02-18T10:01:04","guid":{"rendered":"https:\/\/www.tadejtozon.si\/privacy-policy\/"},"modified":"2019-02-18T11:01:05","modified_gmt":"2019-02-18T10:01:05","slug":"privacy-policy","status":"publish","type":"page","link":"https:\/\/www.tadejtozon.si\/en\/privacy-policy\/","title":{"rendered":"Privacy Policy"},"content":{"rendered":"<p>[et_pb_section bb_built=&#8221;1&#8243; admin_label=&#8221;section&#8221; background_color=&#8221;#d7d7d7&#8243; parallax_method=&#8221;off&#8221; background_image=&#8221;https:\/\/www.tadejtozon.si\/wp-content\/uploads\/2016\/03\/canvas_lgrey.jpg&#8221; custom_padding_tablet=&#8221;50px|0|50px|0&#8243; custom_padding_last_edited=&#8221;on|phone&#8221; _builder_version=&#8221;3.19.12&#8243;][et_pb_row _builder_version=&#8221;3.19.12&#8243;][et_pb_column type=&#8221;4_4&#8243;][et_pb_text _builder_version=&#8221;3.19.12&#8243;]<\/p>\n<h1>Privacy Policy<\/h1>\n<p>Our privacy policy is compiled in accordance with the Consumer Protection Act and the Personal Data Protection Act. It determines the terms of use of the website www.tadejtozon.si, managed by Tadej Tozon, V Kladeh 38, 1000 Ljubljana (hereinafter referred to as the \u201cprovider\u201d) and the conditions for the processing of personal data collected by the provider.<\/p>\n<p>[\/et_pb_text][\/et_pb_column][\/et_pb_row][et_pb_row][et_pb_column type=&#8221;4_4&#8243;][et_pb_divider _builder_version=&#8221;3.19.12&#8243; color=&#8221;#bbbbbb&#8221; divider_position=&#8221;center&#8221; \/][et_pb_text admin_label=&#8221;Varovanje OP&#8221; _builder_version=&#8221;3.19.12&#8243; ul_line_height=&#8221;1.5em&#8221;]<\/p>\n<h3>Personal data protection<\/h3>\n<p>The provider collects clients\u2019 personal data through the website www.tadejtozon.si and processes them as personal data manager in accordance with the applicable legislation in the field of personal data protection.<\/p>\n<p>Our policy regarding personal data protection:<\/p>\n<ul>\n<li>We never give out information about our clients, we do not sell them and do not allow them to be processed by any third party.<\/li>\n<li>We store personal data as long as this is strictly necessary to fulfill the purpose for which it was collected or until the consent of the individual is revoked.<\/li>\n<li>We commit ourselves to the permanent protection of all personal information of our clients.<\/li>\n<li>Personal data is handled only by the authorized persons of the provider.<\/li>\n<li>In the future, the rules on the protection of personal data will be amended and supplemented in accordance with the amendments to the legislation in the area of the protection of personal data.<\/li>\n<\/ul>\n<p>[\/et_pb_text][et_pb_text admin_label=&#8221;Namen obdelave OP&#8221; _builder_version=&#8221;3.19.12&#8243; ul_line_height=&#8221;1.5em&#8221;]<\/p>\n<h4>Purpose of personal data processing<\/h4>\n<ul>\n<li>The provider will use personal data exclusively for the purpose for which it was collected and for which they have the consent for.<\/li>\n<li>Personal data of clients who sent us a message through the website\u2019s contact forms will be used exclusively for the response to the submitted request or inquiry.<\/li>\n<\/ul>\n<p>[\/et_pb_text][et_pb_text admin_label=&#8221;Uveljavljanje pravic&#8221; _builder_version=&#8221;3.19.12&#8243; ul_line_height=&#8221;1.5em&#8221;]<\/p>\n<h4>Procedure for enforcing the rights of the individual<\/h4>\n<ul>\n<li>For any information on the processing of personal data or your rights as a data subject (right of access, correction, deletion, processing restrictions, transferability and objection), you may contact the operator Tadej Tozon, V Kladeh 38, 1000 Ljubljana, by post, by e-mail to\u00a0<a href=\"mailto:info@tadejtozon.si\">info@tadejtozon.si<\/a>\u00a0or by phone +386 31 346 795.<\/li>\n<li>The operator will respond to your request, with which you exercise your rights in connection with personal data, without undue delay and no later than one month after receiving the request.<\/li>\n<li>For the purposes of reliable identification in the case of the exercise of rights in connection with personal data, the operator may request additional information from you and can only deny action if he proves that he can not reliably identify you.<\/li>\n<\/ul>\n<p>[\/et_pb_text][et_pb_text admin_label=&#8221;Pravica do prito\u017ebe&#8221; _builder_version=&#8221;3.19.12&#8243; ul_line_height=&#8221;1.5em&#8221;]<\/p>\n<h4>Right to appeal<\/h4>\n<p>If you believe that our processing of personal data violates the applicable legislation in the field of personal data protection, you have the right to file a complaint with the Information commissioner, to the address Informacijski poobla\u0161\u010denec, Zalo\u0161ka cesta\u00a059, 1000\u00a0Ljubljana, Slovenia, phone +386 1\u00a0230\u00a097\u00a030, e-mail\u00a0<a href=\"mailto:gp.ip@ip-rs.si\">gp.ip@ip-rs.si<\/a>.<\/p>\n<p>[\/et_pb_text][et_pb_divider _builder_version=&#8221;3.19.12&#8243; color=&#8221;#bbbbbb&#8221; divider_position=&#8221;center&#8221; \/][et_pb_text admin_label=&#8221;Pi\u0161kotki&#8221; _builder_version=&#8221;3.19.12&#8243; ul_line_height=&#8221;1.5em&#8221;]<\/p>\n<h3>About Cookies<\/h3>\n<p>[\/et_pb_text][et_pb_text admin_label=&#8221;Kaj so pi\u0161kotki&#8221; _builder_version=&#8221;3.19.12&#8243; ul_line_height=&#8221;1.5em&#8221;]<\/p>\n<h4>What are cookies?<\/h4>\n<p>Cookies are small text files that are stored on your computer by some web sites. This is a way for storing data so that web sites could recognize you at your next visit (for features like \u201cremember me\u201d for logins or custom layouts).<\/p>\n<p>[\/et_pb_text][et_pb_text admin_label=&#8221;Pi\u0161kotki na www.tadejtozon.si&#8221; _builder_version=&#8221;3.19.12&#8243; ul_line_height=&#8221;1.5em&#8221;]<\/p>\n<h4>Cookies at www.tadejtozon.si<\/h4>\n<p>The web site www.tadejtozon.si uses the following cookies:<\/p>\n<table border=\"0\">\n<tbody>\n<tr>\n<td>_ga<br \/>\n_gat_gtag<br \/>\n_gid<\/td>\n<td>These cookies are set by Google Analytics for recording web page visitor statistics (<a href=\"https:\/\/developers.google.com\/analytics\/devguides\/collection\/gtagjs\/cookie-usage\" target=\"_blank\" rel=\"noopener\">details<\/a>). Some expire with the session, some last longer. They are not required for proper functioning and do not contain any personal information. Visitor\u2019s IP address is not disclosed.<\/td>\n<\/tr>\n<tr>\n<td>viewed_cookie_policy<\/td>\n<td>Cookie that remembers your confirmation that you accept the use of cookies. It lasts 1 year and makes sure that the notification does not appear anymore during this time.<\/td>\n<\/tr>\n<\/tbody>\n<\/table>\n<p>Learn more about our protection of your personal information above in the <strong>Personal data protection<\/strong>. Please write to\u00a0<a href=\"mailto:info@tadejtozon.si\">info@tadejtozon.si<\/a>\u00a0for any quests or issues you might have.<\/p>\n<p>[\/et_pb_text][et_pb_text admin_label=&#8221;Nastavitve pi\u0161kotkov&#8221; _builder_version=&#8221;3.19.12&#8243; ul_line_height=&#8221;1.5em&#8221;]<\/p>\n<h4>Browser Settings for Cookies<\/h4>\n<p>Browsers by default allow cookies. If you want to delete cookies or change how your browsers handles them, follow the instructions for your browser.<\/p>\n<ul>\n<li><a href=\"https:\/\/support.microsoft.com\/sl-si\/help\/17442\/windows-internet-explorer-delete-manage-cookies\" target=\"_blank\" rel=\"noopener\">Internet Explorer<\/a><\/li>\n<li><a href=\"https:\/\/support.mozilla.org\/sl\/kb\/kako-omogocite-onemogocite-piskotke\" target=\"_blank\" rel=\"noopener\">Firefox<\/a><\/li>\n<li><a href=\"https:\/\/support.google.com\/chrome\/answer\/95647?hl=sl\" target=\"_blank\" rel=\"noopener\">Chrome<\/a><\/li>\n<li><a href=\"http:\/\/www.opera.com\/help\/tutorials\/security\/privacy\/\" target=\"_blank\" rel=\"noopener\">Opera<\/a><\/li>\n<li><a href=\"https:\/\/support.apple.com\/guide\/safari\/manage-cookies-and-website-data-sfri11471\/mac\" target=\"_blank\" rel=\"noopener\">Safari<\/a><\/li>\n<\/ul>\n<p>When you\u2019ve set up the browser\u2019s cookie settings, the site will comply with the settings. Existing cookies can be deleted in the browser settings.<\/p>\n<p>[\/et_pb_text][et_pb_divider _builder_version=&#8221;3.19.12&#8243; color=&#8221;#bbbbbb&#8221; divider_position=&#8221;center&#8221; \/][\/et_pb_column][\/et_pb_row][\/et_pb_section]<\/p>\n","protected":false},"excerpt":{"rendered":"<p>Privacy Policy Our privacy policy is compiled in accordance with the Consumer Protection Act and the Personal Data Protection Act. It determines the terms of use of the website www.tadejtozon.si, managed by Tadej Tozon, V Kladeh 38, 1000 Ljubljana (hereinafter referred to as the \u201cprovider\u201d) and the conditions for the processing of personal data collected [&hellip;]<\/p>\n","protected":false},"author":1,"featured_media":0,"parent":0,"menu_order":20,"comment_status":"closed","ping_status":"closed","template":"","meta":{"_et_pb_use_builder":"on","_et_pb_old_content":"","_et_gb_content_width":"","footnotes":""},"class_list":["post-3725","page","type-page","status-publish","hentry"],"_links":{"self":[{"href":"https:\/\/www.tadejtozon.si\/en\/wp-json\/wp\/v2\/pages\/3725","targetHints":{"allow":["GET"]}}],"collection":[{"href":"https:\/\/www.tadejtozon.si\/en\/wp-json\/wp\/v2\/pages"}],"about":[{"href":"https:\/\/www.tadejtozon.si\/en\/wp-json\/wp\/v2\/types\/page"}],"author":[{"embeddable":true,"href":"https:\/\/www.tadejtozon.si\/en\/wp-json\/wp\/v2\/users\/1"}],"replies":[{"embeddable":true,"href":"https:\/\/www.tadejtozon.si\/en\/wp-json\/wp\/v2\/comments?post=3725"}],"version-history":[{"count":1,"href":"https:\/\/www.tadejtozon.si\/en\/wp-json\/wp\/v2\/pages\/3725\/revisions"}],"predecessor-version":[{"id":3726,"href":"https:\/\/www.tadejtozon.si\/en\/wp-json\/wp\/v2\/pages\/3725\/revisions\/3726"}],"wp:attachment":[{"href":"https:\/\/www.tadejtozon.si\/en\/wp-json\/wp\/v2\/media?parent=3725"}],"curies":[{"name":"wp","href":"https:\/\/api.w.org\/{rel}","templated":true}]}}